{"id":775,"date":"2022-12-02T16:28:11","date_gmt":"2022-12-02T16:28:11","guid":{"rendered":"http:\/\/www.smartagroe.com\/?product=album"},"modified":"2023-02-01T00:10:17","modified_gmt":"2023-02-01T00:10:17","slug":"album","status":"publish","type":"product","link":"http:\/\/www.smartagroe.com\/?product=album","title":{"rendered":"Formation en agro-\u00e9cologie"},"content":{"rendered":"<p>Des formations en agro-\u00e9cologie en Fran\u00e7ais, Wolof et Pulaar.<\/p>\n","protected":false},"excerpt":{"rendered":"<p>This is a simple, virtual product.<\/p>\n","protected":false},"featured_media":615,"comment_status":"open","ping_status":"closed","template":"","meta":[],"product_cat":[36],"product_tag":[],"class_list":{"0":"post-775","1":"product","2":"type-product","3":"status-publish","4":"has-post-thumbnail","6":"product_cat-non-classe","7":"post","9":"first","10":"instock","11":"downloadable","12":"virtual","13":"purchasable","14":"product-type-simple"},"_links":{"self":[{"href":"http:\/\/www.smartagroe.com\/index.php?rest_route=\/wp\/v2\/product\/775","targetHints":{"allow":["GET"]}}],"collection":[{"href":"http:\/\/www.smartagroe.com\/index.php?rest_route=\/wp\/v2\/product"}],"about":[{"href":"http:\/\/www.smartagroe.com\/index.php?rest_route=\/wp\/v2\/types\/product"}],"replies":[{"embeddable":true,"href":"http:\/\/www.smartagroe.com\/index.php?rest_route=%2Fwp%2Fv2%2Fcomments&post=775"}],"wp:featuredmedia":[{"embeddable":true,"href":"http:\/\/www.smartagroe.com\/index.php?rest_route=\/wp\/v2\/media\/615"}],"wp:attachment":[{"href":"http:\/\/www.smartagroe.com\/index.php?rest_route=%2Fwp%2Fv2%2Fmedia&parent=775"}],"wp:term":[{"taxonomy":"product_cat","embeddable":true,"href":"http:\/\/www.smartagroe.com\/index.php?rest_route=%2Fwp%2Fv2%2Fproduct_cat&post=775"},{"taxonomy":"product_tag","embeddable":true,"href":"http:\/\/www.smartagroe.com\/index.php?rest_route=%2Fwp%2Fv2%2Fproduct_tag&post=775"}],"curies":[{"name":"wp","href":"https:\/\/api.w.org\/{rel}","templated":true}]}}