{"id":57,"date":"2022-04-27T11:14:20","date_gmt":"2022-04-27T11:14:20","guid":{"rendered":"http:\/\/www.smartagroe.com\/?page_id=57"},"modified":"2022-05-01T07:18:06","modified_gmt":"2022-05-01T07:18:06","slug":"les-besoins-de-la-plante","status":"publish","type":"page","link":"http:\/\/www.smartagroe.com\/?page_id=57","title":{"rendered":"Fertilit\u00e9"},"content":{"rendered":"\n<div class=\"wp-block-media-text alignwide is-stacked-on-mobile\"><figure class=\"wp-block-media-text__media\"><img fetchpriority=\"high\" decoding=\"async\" width=\"450\" height=\"359\" src=\"http:\/\/www.smartagroe.com\/wp-content\/uploads\/2022\/04\/engrais-chimique.webp\" alt=\"\" class=\"wp-image-42 size-full\" srcset=\"http:\/\/www.smartagroe.com\/wp-content\/uploads\/2022\/04\/engrais-chimique.webp 450w, http:\/\/www.smartagroe.com\/wp-content\/uploads\/2022\/04\/engrais-chimique-350x279.webp 350w, http:\/\/www.smartagroe.com\/wp-content\/uploads\/2022\/04\/engrais-chimique-300x239.webp 300w\" sizes=\"(max-width: 450px) 100vw, 450px\" \/><\/figure><div class=\"wp-block-media-text__content\">\n<p style=\"font-size:16px\">Une fertilisation optimale favorise l\u2019obtention de bons rendements tout en maximisant la rentabilit\u00e9 des cultures.<br>Elle est la r\u00e9sultante de diverses composantes (chimiques, physiques et biologiques) du sol qui interviennent dans l\u2019approvisionnement des plantes en eau et en \u00e9l\u00e9ments nutritifs.<br>Son am\u00e9lioration ou son maintien se fait essentiellement par l\u2019apport de mati\u00e8res fertilisantes (organiques ou min\u00e9rales).<\/p>\n<\/div><\/div>\n\n\n\n<hr class=\"wp-block-separator\"\/>\n\n\n\n<h2 class=\"wp-block-heading\">Engrais min\u00e9raux ou chimiques<\/h2>\n\n\n\n<div class=\"wp-block-media-text alignwide is-stacked-on-mobile\"><figure class=\"wp-block-media-text__media\"><img decoding=\"async\" width=\"267\" height=\"189\" src=\"http:\/\/www.smartagroe.com\/wp-content\/uploads\/2022\/04\/uree.jpeg\" alt=\"\" class=\"wp-image-43 size-full\"\/><\/figure><div class=\"wp-block-media-text__content\">\n<p style=\"font-size:16px\">Ils apportent aux plantes des \u00e9l\u00e9ments min\u00e9raux nutritifs imm\u00e9diatement assimilables, tr\u00e8s utilis\u00e9s par les petits producteurs agricoles pour acc\u00e9l\u00e9rer la croissance au d\u00e9triment de la qualit\u00e9 des fruits et l\u00e9gumes et de l\u2019\u00e9quilibre naturel des micro-organismes du sol. Ce qui explique la pauvret\u00e9 des sols et la baisse de la productivit\u00e9.<\/p>\n<\/div><\/div>\n\n\n\n<div class=\"wp-block-columns is-layout-flex wp-container-core-columns-is-layout-9d6595d7 wp-block-columns-is-layout-flex\">\n<div class=\"wp-block-column is-layout-flow wp-block-column-is-layout-flow\">\n<p class=\"has-drop-cap\">N Azote<\/p>\n\n\n\n<p>\u00b7 Croissance des feuilles et des tiges<br>\u00b7 Donne la couleur verte et la r\u00e9sistance contre les parasites\/maladies<\/p>\n<\/div>\n\n\n\n<div class=\"wp-block-column is-layout-flow wp-block-column-is-layout-flow\">\n<p class=\"has-drop-cap\"><strong>Phosphore :<\/strong><\/p>\n\n\n\n<p>\u00b7 Maturation (h\u00e2tive) des graines et des fruits<br>\u00b7 Formation des racines<br>\u00b7 R\u00e9sistance \u00e0 la s\u00e9cheresse<\/p>\n<\/div>\n\n\n\n<div class=\"wp-block-column is-layout-flow wp-block-column-is-layout-flow\">\n<p class=\"has-drop-cap\"><strong>K &#8211; Potassium<\/strong><\/p>\n\n\n\n<p>\u00b7 Grosseur et go\u00fbt des fruits, \u00b7 Qualit\u00e9 et quantit\u00e9 des r\u00e9colte<\/p>\n<\/div>\n<\/div>\n\n\n\n<h2 class=\"wp-block-heading\">Engrais organiques ou bio<\/h2>\n\n\n\n<hr class=\"wp-block-separator\"\/>\n\n\n\n<div class=\"wp-block-media-text alignwide has-media-on-the-right is-stacked-on-mobile\"><figure class=\"wp-block-media-text__media\"><img decoding=\"async\" width=\"275\" height=\"183\" src=\"http:\/\/www.smartagroe.com\/wp-content\/uploads\/2022\/04\/engrais-organique.jpeg\" alt=\"\" class=\"wp-image-44 size-full\"\/><\/figure><div class=\"wp-block-media-text__content\">\n<p>Ils apportent aux plantes des \u00e9l\u00e9ments nutritifs imm\u00e9diatement assimilables, propri\u00e9t\u00e9 particuli\u00e8rement int\u00e9ressante dans certaines conditions, n\u2019apportent aucune mati\u00e8re organique au sol et modifient l\u2019\u00e9quilibre naturel des micro-organismes du sol. Ils appauvrissent les sols.<\/p>\n\n\n\n<p>Ils am\u00e9liorent la qualit\u00e9, quantit\u00e9 et la rentabilit\u00e9 d\u2019une agriculture bio.<\/p>\n\n\n\n<p class=\"has-small-font-size\"><\/p>\n\n\n\n<div class=\"wp-block-buttons is-layout-flex wp-block-buttons-is-layout-flex\">\n<div class=\"wp-block-button\"><a class=\"wp-block-button__link\">Comment produire de l&rsquo;engrais bio?<\/a><\/div>\n<\/div>\n<\/div><\/div>\n","protected":false},"excerpt":{"rendered":"<p>Une fertilisation optimale favorise l\u2019obtention de bons rendements tout en maximisant la rentabilit\u00e9 des cultures.Elle est la r\u00e9sultante de diverses composantes (chimiques,<\/p>\n<p class=\"link-more\"><a class=\"myButt \" href=\"http:\/\/www.smartagroe.com\/?page_id=57\">Read More<\/a><\/p>\n","protected":false},"author":1,"featured_media":0,"parent":0,"menu_order":0,"comment_status":"closed","ping_status":"closed","template":"","meta":{"footnotes":""},"class_list":["post-57","page","type-page","status-publish","hentry"],"_links":{"self":[{"href":"http:\/\/www.smartagroe.com\/index.php?rest_route=\/wp\/v2\/pages\/57","targetHints":{"allow":["GET"]}}],"collection":[{"href":"http:\/\/www.smartagroe.com\/index.php?rest_route=\/wp\/v2\/pages"}],"about":[{"href":"http:\/\/www.smartagroe.com\/index.php?rest_route=\/wp\/v2\/types\/page"}],"author":[{"embeddable":true,"href":"http:\/\/www.smartagroe.com\/index.php?rest_route=\/wp\/v2\/users\/1"}],"replies":[{"embeddable":true,"href":"http:\/\/www.smartagroe.com\/index.php?rest_route=%2Fwp%2Fv2%2Fcomments&post=57"}],"version-history":[{"count":4,"href":"http:\/\/www.smartagroe.com\/index.php?rest_route=\/wp\/v2\/pages\/57\/revisions"}],"predecessor-version":[{"id":234,"href":"http:\/\/www.smartagroe.com\/index.php?rest_route=\/wp\/v2\/pages\/57\/revisions\/234"}],"wp:attachment":[{"href":"http:\/\/www.smartagroe.com\/index.php?rest_route=%2Fwp%2Fv2%2Fmedia&parent=57"}],"curies":[{"name":"wp","href":"https:\/\/api.w.org\/{rel}","templated":true}]}}