{"id":449,"date":"2022-08-05T16:32:11","date_gmt":"2022-08-05T16:32:11","guid":{"rendered":"http:\/\/www.smartagroe.com\/?page_id=449"},"modified":"2022-09-19T15:54:31","modified_gmt":"2022-09-19T15:54:31","slug":"smart-agro-ecologie","status":"publish","type":"page","link":"http:\/\/www.smartagroe.com\/?page_id=449","title":{"rendered":"SmartAgroE"},"content":{"rendered":"\t\t<div data-elementor-type=\"wp-page\" data-elementor-id=\"449\" class=\"elementor elementor-449\" data-elementor-post-type=\"page\">\n\t\t\t\t\t\t<section class=\"elementor-section elementor-top-section elementor-element elementor-element-2b820a4 elementor-section-boxed elementor-section-height-default elementor-section-height-default\" data-id=\"2b820a4\" data-element_type=\"section\" data-e-type=\"section\">\n\t\t\t\t\t\t<div class=\"elementor-container elementor-column-gap-default\">\n\t\t\t\t\t<div class=\"elementor-column elementor-col-100 elementor-top-column elementor-element elementor-element-5350f12\" data-id=\"5350f12\" data-element_type=\"column\" data-e-type=\"column\">\n\t\t\t<div class=\"elementor-widget-wrap elementor-element-populated\">\n\t\t\t\t\t\t<div class=\"elementor-element elementor-element-96d111f elementor-widget elementor-widget-video\" data-id=\"96d111f\" data-element_type=\"widget\" data-e-type=\"widget\" data-settings=\"{&quot;youtube_url&quot;:&quot;https:\\\/\\\/youtu.be\\\/A-v_1P5QaEU&quot;,&quot;video_type&quot;:&quot;youtube&quot;,&quot;controls&quot;:&quot;yes&quot;}\" data-widget_type=\"video.default\">\n\t\t\t\t<div class=\"elementor-widget-container\">\n\t\t\t\t\t\t\t<div class=\"elementor-wrapper elementor-open-inline\">\n\t\t\t<div class=\"elementor-video\"><\/div>\t\t<\/div>\n\t\t\t\t\t\t<\/div>\n\t\t\t\t<\/div>\n\t\t\t\t\t<\/div>\n\t\t<\/div>\n\t\t\t\t\t<\/div>\n\t\t<\/section>\n\t\t\t\t<section class=\"elementor-section elementor-top-section elementor-element elementor-element-c31d045 elementor-section-boxed elementor-section-height-default elementor-section-height-default\" data-id=\"c31d045\" data-element_type=\"section\" data-e-type=\"section\">\n\t\t\t\t\t\t<div class=\"elementor-container elementor-column-gap-default\">\n\t\t\t\t\t<div class=\"elementor-column elementor-col-100 elementor-top-column elementor-element elementor-element-07940e1\" data-id=\"07940e1\" data-element_type=\"column\" data-e-type=\"column\">\n\t\t\t<div class=\"elementor-widget-wrap elementor-element-populated\">\n\t\t\t\t\t\t<div class=\"elementor-element elementor-element-f118524 elementor-widget elementor-widget-text-editor\" data-id=\"f118524\" data-element_type=\"widget\" data-e-type=\"widget\" data-widget_type=\"text-editor.default\">\n\t\t\t\t<div class=\"elementor-widget-container\">\n\t\t\t\t\t\t\t\t\t<p>SmartAgorE est une application android qui assiste le Paysan s\u00e9n\u00e9galais dans son processus de migration vers l&rsquo;agro-\u00e9cologie dans leurs langues nationales.<\/p><div><p>Les propositions de valeurs sont :<\/p><ol><li><p>Automatiser l&rsquo;irrigation avec un syst\u00e8me de pompage solaire connect\u00e9 \u00e0 une application intelligente. Je d\u00e9marre et arr\u00eate mon syst\u00e8me d&rsquo;irrigation \u00e0 partir de mon t\u00e9l\u00e9phone;<\/p><\/li><li><p>Am\u00e9liorer la fertilit\u00e9 des sols avec des conseils et outils de mesure de la fertilit\u00e9;<\/p><\/li><li><p>Faciliter la production d&rsquo;engrais organique avec un assistant intelligent pour le compostage;<\/p><\/li><li><p>Am\u00e9liorer les connaissances de la texture, l&rsquo;acidit\u00e9 des sols avec des techniques simples;<\/p><\/li><li><p>Am\u00e9liorer les connaissances sur l&rsquo;agro-\u00e9cologie avec une \u00e9cole virtuelle;<\/p><\/li><li><p>d&rsquo;autres fonctionnalit\u00e9s &#8230;.<\/p><\/li><\/ol><\/div>\t\t\t\t\t\t\t\t<\/div>\n\t\t\t\t<\/div>\n\t\t\t\t\t<\/div>\n\t\t<\/div>\n\t\t\t\t\t<\/div>\n\t\t<\/section>\n\t\t\t\t<section class=\"elementor-section elementor-top-section elementor-element elementor-element-53c456c elementor-section-boxed elementor-section-height-default elementor-section-height-default\" data-id=\"53c456c\" data-element_type=\"section\" data-e-type=\"section\">\n\t\t\t\t\t\t<div class=\"elementor-container elementor-column-gap-default\">\n\t\t\t\t\t<div class=\"elementor-column elementor-col-50 elementor-top-column elementor-element elementor-element-501c8c0\" data-id=\"501c8c0\" data-element_type=\"column\" data-e-type=\"column\">\n\t\t\t<div class=\"elementor-widget-wrap elementor-element-populated\">\n\t\t\t\t\t\t<div class=\"elementor-element elementor-element-b7e5ddd elementor-button-info elementor-widget elementor-widget-button\" data-id=\"b7e5ddd\" data-element_type=\"widget\" data-e-type=\"widget\" data-widget_type=\"button.default\">\n\t\t\t\t<div class=\"elementor-widget-container\">\n\t\t\t\t\t\t\t\t\t<div class=\"elementor-button-wrapper\">\n\t\t\t\t\t<a class=\"elementor-button elementor-button-link elementor-size-xl\" href=\"http:\/\/www.smartagroe.com\/?page_id=657\">\n\t\t\t\t\t\t<span class=\"elementor-button-content-wrapper\">\n\t\t\t\t\t\t\t\t\t<span class=\"elementor-button-text\">T\u00e9l\u00e9charger ...<\/span>\n\t\t\t\t\t<\/span>\n\t\t\t\t\t<\/a>\n\t\t\t\t<\/div>\n\t\t\t\t\t\t\t\t<\/div>\n\t\t\t\t<\/div>\n\t\t\t\t\t<\/div>\n\t\t<\/div>\n\t\t\t\t<div class=\"elementor-column elementor-col-50 elementor-top-column elementor-element elementor-element-10a8e4a\" data-id=\"10a8e4a\" data-element_type=\"column\" data-e-type=\"column\">\n\t\t\t<div class=\"elementor-widget-wrap elementor-element-populated\">\n\t\t\t\t\t\t<div class=\"elementor-element elementor-element-8a80ef3 elementor-widget elementor-widget-image\" data-id=\"8a80ef3\" data-element_type=\"widget\" data-e-type=\"widget\" data-widget_type=\"image.default\">\n\t\t\t\t<div class=\"elementor-widget-container\">\n\t\t\t\t\t\t\t\t\t\t\t\t<figure class=\"wp-caption\">\n\t\t\t\t\t\t\t\t\t\t<img decoding=\"async\" width=\"300\" height=\"110\" src=\"http:\/\/www.smartagroe.com\/wp-content\/uploads\/2022\/09\/google-play-300x110.png\" class=\"attachment-medium size-medium wp-image-608\" alt=\"\" srcset=\"http:\/\/www.smartagroe.com\/wp-content\/uploads\/2022\/09\/google-play-300x110.png 300w, http:\/\/www.smartagroe.com\/wp-content\/uploads\/2022\/09\/google-play-350x128.png 350w, http:\/\/www.smartagroe.com\/wp-content\/uploads\/2022\/09\/google-play-100x37.png 100w, http:\/\/www.smartagroe.com\/wp-content\/uploads\/2022\/09\/google-play.png 371w\" sizes=\"(max-width: 300px) 100vw, 300px\" \/>\t\t\t\t\t\t\t\t\t\t\t<figcaption class=\"widget-image-caption wp-caption-text\">Bient\u00f4t...<\/figcaption>\n\t\t\t\t\t\t\t\t\t\t<\/figure>\n\t\t\t\t\t\t\t\t\t<\/div>\n\t\t\t\t<\/div>\n\t\t\t\t\t<\/div>\n\t\t<\/div>\n\t\t\t\t\t<\/div>\n\t\t<\/section>\n\t\t\t\t<\/div>\n\t\t","protected":false},"excerpt":{"rendered":"<p>https:\/\/youtu.be\/A-v_1P5QaEU SmartAgorE est une application android qui assiste le Paysan s\u00e9n\u00e9galais dans son processus de migration vers l&rsquo;agro-\u00e9cologie dans leurs langues nationales.<\/p>\n<p class=\"link-more\"><a class=\"myButt \" href=\"http:\/\/www.smartagroe.com\/?page_id=449\">Read More<\/a><\/p>\n","protected":false},"author":1,"featured_media":0,"parent":0,"menu_order":0,"comment_status":"closed","ping_status":"closed","template":"","meta":{"footnotes":""},"class_list":["post-449","page","type-page","status-publish","hentry"],"_links":{"self":[{"href":"http:\/\/www.smartagroe.com\/index.php?rest_route=\/wp\/v2\/pages\/449","targetHints":{"allow":["GET"]}}],"collection":[{"href":"http:\/\/www.smartagroe.com\/index.php?rest_route=\/wp\/v2\/pages"}],"about":[{"href":"http:\/\/www.smartagroe.com\/index.php?rest_route=\/wp\/v2\/types\/page"}],"author":[{"embeddable":true,"href":"http:\/\/www.smartagroe.com\/index.php?rest_route=\/wp\/v2\/users\/1"}],"replies":[{"embeddable":true,"href":"http:\/\/www.smartagroe.com\/index.php?rest_route=%2Fwp%2Fv2%2Fcomments&post=449"}],"version-history":[{"count":24,"href":"http:\/\/www.smartagroe.com\/index.php?rest_route=\/wp\/v2\/pages\/449\/revisions"}],"predecessor-version":[{"id":681,"href":"http:\/\/www.smartagroe.com\/index.php?rest_route=\/wp\/v2\/pages\/449\/revisions\/681"}],"wp:attachment":[{"href":"http:\/\/www.smartagroe.com\/index.php?rest_route=%2Fwp%2Fv2%2Fmedia&parent=449"}],"curies":[{"name":"wp","href":"https:\/\/api.w.org\/{rel}","templated":true}]}}