{"id":14,"date":"2022-04-27T06:28:22","date_gmt":"2022-04-27T06:28:22","guid":{"rendered":"http:\/\/www.smartagroe.com\/?page_id=14"},"modified":"2022-09-17T15:33:23","modified_gmt":"2022-09-17T15:33:23","slug":"ecole-virtuelle-du-paysan","status":"publish","type":"page","link":"http:\/\/www.smartagroe.com\/?page_id=14","title":{"rendered":"Formation"},"content":{"rendered":"\n<div class=\"wp-block-columns alignwide is-layout-flex wp-container-core-columns-is-layout-9d6595d7 wp-block-columns-is-layout-flex\">\n<div class=\"wp-block-column has-text-color has-background has-link-color wp-elements-7c44c33172091cca05fff08f1187e8a7 is-layout-flow wp-block-column-is-layout-flow\" style=\"background-color:#ffe97d;color:#000000;padding-top:2em;padding-right:2em;padding-bottom:2em;padding-left:2em\">\n<h3 class=\"wp-block-heading\" id=\"single\" style=\"font-size:30px\">Agro-\u00e9cologie<\/h3>\n\n\n\n<p class=\"has-normal-font-size\" style=\"line-height:1.5\"><span style=\"background-color: rgba(75, 79, 88, 0.2);\"><b>D<\/b><\/span><strong>es modules de formations adapt\u00e9es en langues nationales<\/strong> (wolof, poulaar, s\u00e9r\u00e9re etc&#8230;)<\/p>\n\n\n\n<hr class=\"wp-block-separator has-text-color has-css-opacity has-background is-style-wide\" style=\"background-color:#000000;color:#000000\"\/>\n\n\n\n<ul class=\"has-normal-font-size wp-block-list\"><li>Agro-\u00e9cologie<\/li><li>Horticulture<\/li><li>Fertilisation<\/li><li>Engrais organique<\/li><\/ul>\n\n\n\n<div class=\"wp-block-buttons alignfull is-horizontal is-content-justification-center is-layout-flex wp-container-core-buttons-is-layout-499968f5 wp-block-buttons-is-layout-flex\">\n<div class=\"wp-block-button has-custom-width wp-block-button__width-100\"><a class=\"wp-block-button__link has-white-color has-text-color has-background no-border-radius\" href=\"http:\/\/www.smartagroe.com\/?post_type=course\" style=\"background-color:#000000\">Je m&rsquo;inscris<\/a><\/div>\n<\/div>\n<\/div>\n\n\n\n<div class=\"wp-block-column has-text-color has-background has-link-color wp-elements-6d3785f50ec5c810b9182e6dcf8fb6d8 is-layout-flow wp-block-column-is-layout-flow\" style=\"background-color:#d1d1e1;color:#000000;padding-top:2em;padding-right:2em;padding-bottom:2em;padding-left:2em\">\n<h3 class=\"wp-block-heading\" id=\"family\" style=\"font-size:30px\">Transformation<\/h3>\n\n\n\n<p class=\"has-normal-font-size\" style=\"line-height:1.5\"><strong>Des formations sur les bonnes pratiques en transformation alimentaire.<\/strong><\/p>\n\n\n\n<hr class=\"wp-block-separator has-css-opacity is-style-wide\"\/>\n\n\n\n<ul class=\"has-normal-font-size wp-block-list\"><li>Hygi\u00e8ne et S\u00e9curit\u00e9 <\/li><li>S\u00e9chage de fruits et l\u00e9gumes <\/li><li><span style=\"color: var(--ast-global-color-3); font-size: var(--wp--preset--font-size--normal); font-weight: inherit;\">Jus naturels, pasteurisation etc..<\/span><\/li><\/ul>\n\n\n\n<div class=\"wp-block-buttons alignfull is-horizontal is-content-justification-center is-layout-flex wp-container-core-buttons-is-layout-499968f5 wp-block-buttons-is-layout-flex\">\n<div class=\"wp-block-button has-custom-width wp-block-button__width-100 is-style-fill\"><a class=\"wp-block-button__link has-white-color has-text-color has-background no-border-radius\" href=\"http:\/\/www.smartagroe.com\/?post_type=course\" style=\"background-color:#000000\">Je m&rsquo;inscris<\/a><\/div>\n<\/div>\n<\/div>\n\n\n\n<div class=\"wp-block-column has-text-color has-background has-link-color wp-elements-e34bdc1b89eb86fd6002881c744e8068 is-layout-flow wp-block-column-is-layout-flow\" style=\"background-color:#c0ebf1;color:#000000;padding-top:2em;padding-right:2em;padding-bottom:2em;padding-left:2em\">\n<h3 class=\"wp-block-heading\" id=\"patron\" style=\"font-size:30px\">Gestion<\/h3>\n\n\n\n<p class=\"has-normal-font-size\"><strong>Pour se former sur les<\/strong><\/p>\n\n\n\n<hr class=\"wp-block-separator has-css-opacity is-style-wide\"\/>\n\n\n\n<ul class=\"has-normal-font-size wp-block-list\"><li>Comptabilit\u00e9 d&rsquo;une micro entreprise<\/li><li>Marketing social<\/li><li>Cr\u00e9ation de micro entreprise<\/li><\/ul>\n\n\n\n<div class=\"wp-block-buttons alignfull is-horizontal is-content-justification-center is-layout-flex wp-container-core-buttons-is-layout-499968f5 wp-block-buttons-is-layout-flex\">\n<div class=\"wp-block-button has-custom-width wp-block-button__width-100\"><a class=\"wp-block-button__link has-white-color has-text-color has-background no-border-radius\" href=\"http:\/\/www.smartagroe.com\/?post_type=course\" style=\"background-color:#000000\">Je m&rsquo;inscris<\/a><\/div>\n<\/div>\n<\/div>\n<\/div>\n\n\n<div class=\"wp-block-sensei-lms-learner-courses  has-sensei-progress-bar-height  has-sensei-progress-bar-border-radius  wp-block-sensei-lms-learner-courses--is-list-view \" style=\"--sensei-progress-bar-height: 14px;\n--sensei-progress-bar-border-radius: 10px;\n\">\t\t<div id=\"my-courses\">\n\t\t\t\t\t\t<div class=\"col2-set\" id=\"customer_login\">\n\n\t\t\t\t<div class=\"col-1\">\n\t\t\t\t\t\n<h2>Connexion<\/h2>\n\n<form method=\"post\" name=\"sensi-login-form\" id=\"loginform\" class=\"login sensei\">\n\n\t\n\t<p class=\"sensei-login-username form-row form-row-wide\">\n\n\t\t\t\t<label for=\"sensei_user_login\">Identifiant ou e-mail <\/label>\n\n\t\t\t\t<input type=\"text\" name=\"log\" id=\"sensei_user_login\" class=\"input input-text\" value=\"\" size=\"20\">\n\n\t<\/p>\n\n\t<p class=\"sensei-login-password form-row form-row-wide\">\n\n\t\t\t\t<label for=\"sensei_user_pass\"> Mot de passe  <\/label>\n\n\t\t\t\t<input type=\"password\" name=\"pwd\" id=\"sensei_user_pass\" class=\"input txt text input-text\" value=\"\" size=\"20\">\n\n\t<\/p>\n\n\t\n\t<p class='sensei-login-submit'>\n\n\t\t<input type=\"submit\" class=\"button wp-element-button\" name=\"login\" value=\"Connexion\" \/>\n\n\t\t<a href=\"http:\/\/www.smartagroe.com\/?page_id=771&#038;lost-password\">Mot de passe perdu ?<\/a>\n\n\t<\/p>\n\n\t<p class='remember_me' >\n\n\t\t<label for=\"rememberme\" class=\"inline\">\n\n\t\t\t<input name=\"rememberme\" type=\"checkbox\" id=\"rememberme\" value=\"forever\" \/> Se souvenir de moi\n\t\t<\/label>\n\n\t<\/p>\n\n\t\n\t<input type=\"hidden\" id=\"_wpnonce\" name=\"_wpnonce\" value=\"1e41a86adf\" \/><input type=\"hidden\" name=\"_wp_http_referer\" value=\"\/index.php?rest_route=%2Fwp%2Fv2%2Fpages%2F14\" \/>\n\t<input type=\"hidden\" name=\"redirect\" value=\"http:\/\/www.smartagroe.com\" \/>\n\n\t<input type=\"hidden\" name=\"form\" value=\"sensei-login\" \/>\n\n\t<div class=\"clear\"><\/div>\n\n<\/form>\n\n\t\t\t\t<\/div>\n\n\t\t\t\t\t\t<\/div>\n\t\t<\/div>\n\n\t\t<\/div>","protected":false},"excerpt":{"rendered":"<p>Agro-\u00e9cologie Des modules de formations adapt\u00e9es en langues nationales (wolof, poulaar, s\u00e9r\u00e9re etc&#8230;) Agro-\u00e9cologie Horticulture Fertilisation Engrais organique Transformation Des formations sur<\/p>\n<p class=\"link-more\"><a class=\"myButt \" href=\"http:\/\/www.smartagroe.com\/?page_id=14\">Read More<\/a><\/p>\n","protected":false},"author":1,"featured_media":0,"parent":0,"menu_order":0,"comment_status":"closed","ping_status":"closed","template":"","meta":{"footnotes":""},"class_list":["post-14","page","type-page","status-publish","hentry"],"_links":{"self":[{"href":"http:\/\/www.smartagroe.com\/index.php?rest_route=\/wp\/v2\/pages\/14","targetHints":{"allow":["GET"]}}],"collection":[{"href":"http:\/\/www.smartagroe.com\/index.php?rest_route=\/wp\/v2\/pages"}],"about":[{"href":"http:\/\/www.smartagroe.com\/index.php?rest_route=\/wp\/v2\/types\/page"}],"author":[{"embeddable":true,"href":"http:\/\/www.smartagroe.com\/index.php?rest_route=\/wp\/v2\/users\/1"}],"replies":[{"embeddable":true,"href":"http:\/\/www.smartagroe.com\/index.php?rest_route=%2Fwp%2Fv2%2Fcomments&post=14"}],"version-history":[{"count":12,"href":"http:\/\/www.smartagroe.com\/index.php?rest_route=\/wp\/v2\/pages\/14\/revisions"}],"predecessor-version":[{"id":639,"href":"http:\/\/www.smartagroe.com\/index.php?rest_route=\/wp\/v2\/pages\/14\/revisions\/639"}],"wp:attachment":[{"href":"http:\/\/www.smartagroe.com\/index.php?rest_route=%2Fwp%2Fv2%2Fmedia&parent=14"}],"curies":[{"name":"wp","href":"https:\/\/api.w.org\/{rel}","templated":true}]}}