{"id":13,"date":"2022-04-27T06:28:22","date_gmt":"2022-04-27T06:28:22","guid":{"rendered":"http:\/\/www.smartagroe.com\/?page_id=13"},"modified":"2022-04-27T12:10:58","modified_gmt":"2022-04-27T12:10:58","slug":"irrigation","status":"publish","type":"page","link":"http:\/\/www.smartagroe.com\/?page_id=13","title":{"rendered":"Irrigation"},"content":{"rendered":"\n<div class=\"wp-block-columns is-layout-flex wp-container-core-columns-is-layout-9d6595d7 wp-block-columns-is-layout-flex\">\n<div class=\"wp-block-column is-layout-flow wp-block-column-is-layout-flow\" style=\"flex-basis:33.33%\">\n<figure class=\"wp-block-image size-large\"><img fetchpriority=\"high\" decoding=\"async\" width=\"461\" height=\"1024\" src=\"http:\/\/www.smartagroe.com\/wp-content\/uploads\/2022\/04\/agrismart-461x1024.jpg\" alt=\"\" class=\"wp-image-70\" srcset=\"http:\/\/www.smartagroe.com\/wp-content\/uploads\/2022\/04\/agrismart-461x1024.jpg 461w, http:\/\/www.smartagroe.com\/wp-content\/uploads\/2022\/04\/agrismart-600x1333.jpg 600w, http:\/\/www.smartagroe.com\/wp-content\/uploads\/2022\/04\/agrismart-135x300.jpg 135w, http:\/\/www.smartagroe.com\/wp-content\/uploads\/2022\/04\/agrismart-768x1707.jpg 768w, http:\/\/www.smartagroe.com\/wp-content\/uploads\/2022\/04\/agrismart-691x1536.jpg 691w, http:\/\/www.smartagroe.com\/wp-content\/uploads\/2022\/04\/agrismart-922x2048.jpg 922w, http:\/\/www.smartagroe.com\/wp-content\/uploads\/2022\/04\/agrismart.jpg 1080w\" sizes=\"(max-width: 461px) 100vw, 461px\" \/><\/figure>\n<\/div>\n\n\n\n<div class=\"wp-block-column is-layout-flow wp-block-column-is-layout-flow\" style=\"flex-basis:66.66%\">\n<p>Assistant Agricole Intelligent Irrigation (AgroSMART) permet de piloter de fa\u00e7on intelligente l&rsquo;irrigation de votre verger en fonction de l&rsquo;ensoleillement. \u00c9conomique, respecte l&rsquo;environnement, pas d&rsquo;\u00e9mission de Co2 et augmente la productivit\u00e9.<\/p>\n<\/div>\n<\/div>\n","protected":false},"excerpt":{"rendered":"<p>Assistant Agricole Intelligent Irrigation (AgroSMART) permet de piloter de fa\u00e7on intelligente l&rsquo;irrigation de votre verger en fonction de l&rsquo;ensoleillement. \u00c9conomique, respecte l&rsquo;environnement,<\/p>\n<p class=\"link-more\"><a class=\"myButt \" href=\"http:\/\/www.smartagroe.com\/?page_id=13\">Read More<\/a><\/p>\n","protected":false},"author":1,"featured_media":0,"parent":0,"menu_order":0,"comment_status":"closed","ping_status":"closed","template":"","meta":{"footnotes":""},"class_list":["post-13","page","type-page","status-publish","hentry"],"_links":{"self":[{"href":"http:\/\/www.smartagroe.com\/index.php?rest_route=\/wp\/v2\/pages\/13","targetHints":{"allow":["GET"]}}],"collection":[{"href":"http:\/\/www.smartagroe.com\/index.php?rest_route=\/wp\/v2\/pages"}],"about":[{"href":"http:\/\/www.smartagroe.com\/index.php?rest_route=\/wp\/v2\/types\/page"}],"author":[{"embeddable":true,"href":"http:\/\/www.smartagroe.com\/index.php?rest_route=\/wp\/v2\/users\/1"}],"replies":[{"embeddable":true,"href":"http:\/\/www.smartagroe.com\/index.php?rest_route=%2Fwp%2Fv2%2Fcomments&post=13"}],"version-history":[{"count":3,"href":"http:\/\/www.smartagroe.com\/index.php?rest_route=\/wp\/v2\/pages\/13\/revisions"}],"predecessor-version":[{"id":71,"href":"http:\/\/www.smartagroe.com\/index.php?rest_route=\/wp\/v2\/pages\/13\/revisions\/71"}],"wp:attachment":[{"href":"http:\/\/www.smartagroe.com\/index.php?rest_route=%2Fwp%2Fv2%2Fmedia&parent=13"}],"curies":[{"name":"wp","href":"https:\/\/api.w.org\/{rel}","templated":true}]}}